{"id":673,"date":"2021-01-05T08:13:34","date_gmt":"2021-01-05T07:13:34","guid":{"rendered":"https:\/\/www.soumaya-hiltmann.com\/?page_id=673"},"modified":"2025-12-03T15:53:01","modified_gmt":"2025-12-03T14:53:01","slug":"taenze-des-universellen-friedens","status":"publish","type":"page","link":"https:\/\/www.soumaya-hiltmann.com\/en\/taenze-des-universellen-friedens\/","title":{"rendered":"Dances of Universal Peace"},"content":{"rendered":"<p>[et_pb_section fb_built=&#8220;1&#8243; custom_padding_last_edited=&#8220;off|desktop&#8220; admin_label=&#8220;Header&#8220; _builder_version=&#8220;4.16&#8243; use_background_color_gradient=&#8220;on&#8220; background_color_gradient_stops=&#8220;rgba(0,0,0,0.5) 0%|rgba(0,0,0,0.5) 100%&#8220; background_color_gradient_overlays_image=&#8220;on&#8220; background_color_gradient_start=&#8220;rgba(0,0,0,0.5)&#8220; background_color_gradient_end=&#8220;rgba(0,0,0,0.5)&#8220; background_image=&#8220;https:\/\/www.soumaya-hiltmann.com\/wp-content\/uploads\/2021\/01\/Kreistaenze-natur-sonnenlicht.jpg&#8220; custom_padding=&#8220;8vw||0px||false|false&#8220; custom_padding_tablet=&#8220;120px||||false|false&#8220; custom_padding_phone=&#8220;80px||||false|false&#8220; locked=&#8220;off&#8220; global_colors_info=&#8220;{}&#8220;][et_pb_row _builder_version=&#8220;4.16&#8243; global_colors_info=&#8220;{}&#8220;][et_pb_column type=&#8220;4_4&#8243; _builder_version=&#8220;4.16&#8243; global_colors_info=&#8220;{}&#8220;][et_pb_text _builder_version=&#8220;4.27.2&#8243; _dynamic_attributes=&#8220;content&#8220; header_font=&#8220;Caveat lokal||||||||&#8220; header_text_align=&#8220;left&#8220; header_font_size=&#8220;80px&#8220; header_line_height=&#8220;1.2em&#8220; header_2_font_size=&#8220;80px&#8220; header_3_font_size=&#8220;80px&#8220; header_4_font_size=&#8220;80px&#8220; header_5_font_size=&#8220;80px&#8220; header_6_font_size=&#8220;80px&#8220; background_layout=&#8220;dark&#8220; max_width=&#8220;801px&#8220; custom_margin=&#8220;||10px||false|false&#8220; header_font_size_tablet=&#8220;64px&#8220; header_font_size_phone=&#8220;40px&#8220; header_font_size_last_edited=&#8220;on|phone&#8220; header_2_font_size_tablet=&#8220;42px&#8220; header_2_font_size_phone=&#8220;34px&#8220; header_2_font_size_last_edited=&#8220;on|phone&#8220; header_3_font_size_tablet=&#8220;42px&#8220; header_3_font_size_phone=&#8220;34px&#8220; header_3_font_size_last_edited=&#8220;on|phone&#8220; header_4_font_size_tablet=&#8220;42px&#8220; header_4_font_size_phone=&#8220;34px&#8220; header_4_font_size_last_edited=&#8220;on|phone&#8220; header_5_font_size_tablet=&#8220;42px&#8220; header_5_font_size_phone=&#8220;34px&#8220; header_5_font_size_last_edited=&#8220;on|phone&#8220; header_6_font_size_tablet=&#8220;42px&#8220; header_6_font_size_phone=&#8220;34px&#8220; header_6_font_size_last_edited=&#8220;on|phone&#8220; text_text_align=&#8220;justify&#8220; locked=&#8220;off&#8220; global_colors_info=&#8220;{}&#8220; header_2_2_font_size_tablet=&#8220;42px&#8220; header_3_2_font_size_tablet=&#8220;42px&#8220; header_4_2_font_size_tablet=&#8220;42px&#8220; header_5_2_font_size_tablet=&#8220;42px&#8220; header_6_2_font_size_tablet=&#8220;42px&#8220; header_2_2_font_size_phone=&#8220;34px&#8220; header_3_2_font_size_phone=&#8220;34px&#8220; header_4_2_font_size_phone=&#8220;34px&#8220; header_5_2_font_size_phone=&#8220;34px&#8220; header_6_2_font_size_phone=&#8220;34px&#8220; header_2_2_font_size_last_edited=&#8220;on|tablet&#8220; header_3_2_font_size_last_edited=&#8220;on|tablet&#8220; header_4_2_font_size_last_edited=&#8220;on|tablet&#8220; header_5_2_font_size_last_edited=&#8220;on|tablet&#8220; header_6_2_font_size_last_edited=&#8220;on|tablet&#8220; header_2_3_font_size_tablet=&#8220;34px&#8220; header_3_3_font_size_tablet=&#8220;34px&#8220; header_4_3_font_size_tablet=&#8220;34px&#8220; header_5_3_font_size_tablet=&#8220;34px&#8220; header_6_3_font_size_tablet=&#8220;34px&#8220; header_2_3_font_size_phone=&#8220;28px&#8220; header_3_3_font_size_phone=&#8220;28px&#8220; header_4_3_font_size_phone=&#8220;28px&#8220; header_5_3_font_size_phone=&#8220;28px&#8220; header_6_3_font_size_phone=&#8220;28px&#8220; header_2_3_font_size_last_edited=&#8220;on|phone&#8220; header_3_3_font_size_last_edited=&#8220;on|phone&#8220; header_4_3_font_size_last_edited=&#8220;on|phone&#8220; header_5_3_font_size_last_edited=&#8220;on|phone&#8220; header_6_3_font_size_last_edited=&#8220;on|phone&#8220; header_2_4_font_size_tablet=&#8220;22px&#8220; header_3_4_font_size_tablet=&#8220;22px&#8220; header_4_4_font_size_tablet=&#8220;22px&#8220; header_5_4_font_size_tablet=&#8220;22px&#8220; header_6_4_font_size_tablet=&#8220;22px&#8220; header_2_4_font_size_phone=&#8220;18px&#8220; header_3_4_font_size_phone=&#8220;18px&#8220; header_4_4_font_size_phone=&#8220;18px&#8220; header_5_4_font_size_phone=&#8220;18px&#8220; header_6_4_font_size_phone=&#8220;18px&#8220; header_2_4_font_size_last_edited=&#8220;on|phone&#8220; header_3_4_font_size_last_edited=&#8220;on|phone&#8220; header_4_4_font_size_last_edited=&#8220;on|phone&#8220; header_5_4_font_size_last_edited=&#8220;on|phone&#8220; header_6_4_font_size_last_edited=&#8220;on|phone&#8220; header_2_5_font_size_phone=&#8220;16px&#8220; header_3_5_font_size_phone=&#8220;16px&#8220; header_4_5_font_size_phone=&#8220;16px&#8220; header_5_5_font_size_phone=&#8220;16px&#8220; header_6_5_font_size_phone=&#8220;16px&#8220; header_2_5_font_size_last_edited=&#8220;on|tablet&#8220; header_3_5_font_size_last_edited=&#8220;on|tablet&#8220; header_4_5_font_size_last_edited=&#8220;on|tablet&#8220; header_5_5_font_size_last_edited=&#8220;on|tablet&#8220; header_6_5_font_size_last_edited=&#8220;on|tablet&#8220;]@ET-DC@eyJkeW5hbWljIjp0cnVlLCJjb250ZW50IjoicG9zdF90aXRsZSIsInNldHRpbmdzIjp7ImJlZm9yZSI6IjxoMT4iLCJhZnRlciI6IjwvaDE+In19@[\/et_pb_text][et_pb_text _builder_version=&#8220;4.27.2&#8243; text_font=&#8220;||||||||&#8220; text_line_height=&#8220;2em&#8220; header_3_text_color=&#8220;#FFFFFF&#8220; header_3_font_size=&#8220;16px&#8220; header_3_line_height=&#8220;2em&#8220; background_layout=&#8220;dark&#8220; max_width=&#8220;500px&#8220; text_font_size_tablet=&#8220;15px&#8220; text_font_size_phone=&#8220;14px&#8220; text_font_size_last_edited=&#8220;on|phone&#8220; text_text_align=&#8220;justify&#8220; locked=&#8220;off&#8220; global_colors_info=&#8220;{}&#8220; header_2_2_font_size_tablet=&#8220;42px&#8220; header_3_2_font_size_tablet=&#8220;42px&#8220; header_4_2_font_size_tablet=&#8220;42px&#8220; header_5_2_font_size_tablet=&#8220;42px&#8220; header_6_2_font_size_tablet=&#8220;42px&#8220; header_2_2_font_size_phone=&#8220;34px&#8220; header_3_2_font_size_phone=&#8220;34px&#8220; header_4_2_font_size_phone=&#8220;34px&#8220; header_5_2_font_size_phone=&#8220;34px&#8220; header_6_2_font_size_phone=&#8220;34px&#8220; header_2_2_font_size_last_edited=&#8220;on|tablet&#8220; header_3_2_font_size_last_edited=&#8220;on|tablet&#8220; header_4_2_font_size_last_edited=&#8220;on|tablet&#8220; header_5_2_font_size_last_edited=&#8220;on|tablet&#8220; header_6_2_font_size_last_edited=&#8220;on|tablet&#8220; header_2_3_font_size_tablet=&#8220;34px&#8220; header_3_3_font_size_tablet=&#8220;34px&#8220; header_4_3_font_size_tablet=&#8220;34px&#8220; header_5_3_font_size_tablet=&#8220;34px&#8220; header_6_3_font_size_tablet=&#8220;34px&#8220; header_2_3_font_size_phone=&#8220;28px&#8220; header_3_3_font_size_phone=&#8220;28px&#8220; header_4_3_font_size_phone=&#8220;28px&#8220; header_5_3_font_size_phone=&#8220;28px&#8220; header_6_3_font_size_phone=&#8220;28px&#8220; header_2_3_font_size_last_edited=&#8220;on|phone&#8220; header_3_3_font_size_last_edited=&#8220;on|phone&#8220; header_4_3_font_size_last_edited=&#8220;on|phone&#8220; header_5_3_font_size_last_edited=&#8220;on|phone&#8220; header_6_3_font_size_last_edited=&#8220;on|phone&#8220; header_2_4_font_size_tablet=&#8220;22px&#8220; header_3_4_font_size_tablet=&#8220;22px&#8220; header_4_4_font_size_tablet=&#8220;22px&#8220; header_5_4_font_size_tablet=&#8220;22px&#8220; header_6_4_font_size_tablet=&#8220;22px&#8220; header_2_4_font_size_phone=&#8220;18px&#8220; header_3_4_font_size_phone=&#8220;18px&#8220; header_4_4_font_size_phone=&#8220;18px&#8220; header_5_4_font_size_phone=&#8220;18px&#8220; header_6_4_font_size_phone=&#8220;18px&#8220; header_2_4_font_size_last_edited=&#8220;on|phone&#8220; header_3_4_font_size_last_edited=&#8220;on|phone&#8220; header_4_4_font_size_last_edited=&#8220;on|phone&#8220; header_5_4_font_size_last_edited=&#8220;on|phone&#8220; header_6_4_font_size_last_edited=&#8220;on|phone&#8220; header_2_5_font_size_phone=&#8220;16px&#8220; header_3_5_font_size_phone=&#8220;16px&#8220; header_4_5_font_size_phone=&#8220;16px&#8220; header_5_5_font_size_phone=&#8220;16px&#8220; header_6_5_font_size_phone=&#8220;16px&#8220; header_2_5_font_size_last_edited=&#8220;on|tablet&#8220; header_3_5_font_size_last_edited=&#8220;on|tablet&#8220; header_4_5_font_size_last_edited=&#8220;on|tablet&#8220; header_5_5_font_size_last_edited=&#8220;on|tablet&#8220; header_6_5_font_size_last_edited=&#8220;on|tablet&#8220;]<\/p>\n<h3>Die &#8222;T\u00e4nze des Universellen Friedens&#8220; sind Teil einer zeitlosen Tradition des heiligen Tanzes und werden \u00fcberwiegend gemeinsam im Kreis getanzt und in Form von Gehmeditationen vertieft.<\/h3>\n<p>Sie verschmelzen Singen, Livemusik und harmonische Bewegungen zu einer lebendigen Erfahrung von Einheit, Verbundenheit, Frieden und Integration.<\/p>\n<p>Die Energie fliesst \u00fcber die Musik und die Bewegung von Herz zu Herz, meist \u00fcber Ber\u00fchrung der H\u00e4nde\u00a0 und ist auch online sehr gut im virtuellen Kreis herzerw\u00e4rmend und st\u00e4rkend umsetzbar!<\/p>\n<p>[\/et_pb_text][\/et_pb_column][\/et_pb_row][\/et_pb_section][et_pb_section fb_built=&#8220;1&#8243; admin_label=&#8220;Post Body&#8220; _builder_version=&#8220;4.16&#8243; custom_margin=&#8220;||||false|false&#8220; custom_padding=&#8220;||||false|false&#8220; locked=&#8220;off&#8220; global_colors_info=&#8220;{}&#8220;][et_pb_row column_structure=&#8220;1_2,1_2&#8243; _builder_version=&#8220;4.16&#8243; _module_preset=&#8220;default&#8220; global_colors_info=&#8220;{}&#8220;][et_pb_column type=&#8220;1_2&#8243; _builder_version=&#8220;4.16&#8243; _module_preset=&#8220;default&#8220; global_colors_info=&#8220;{}&#8220;][et_pb_image src=&#8220;https:\/\/www.soumaya-hiltmann.com\/wp-content\/uploads\/2021\/01\/friedenstaube-fuer-taenze.jpg&#8220; title_text=&#8220;friedenstaube f\u00fcr t\u00e4nze&#8220; _builder_version=&#8220;4.16&#8243; custom_margin=&#8220;||||false|false&#8220; custom_margin_tablet=&#8220;|||0vw|false|false&#8220; custom_margin_phone=&#8220;&#8220; custom_margin_last_edited=&#8220;on|phone&#8220; border_radii=&#8220;on|10px|10px|10px|10px&#8220; global_colors_info=&#8220;{}&#8220;][\/et_pb_image][et_pb_image src=&#8220;https:\/\/www.soumaya-hiltmann.com\/wp-content\/uploads\/2021\/01\/Symbol-Taenze-des-universellen-friedens.png&#8220; alt=&#8220;T\u00e4nze des universellen Friedens&#8220; title_text=&#8220;Symbol T\u00e4nze des universellen friedens&#8220; align=&#8220;center&#8220; _builder_version=&#8220;4.24.2&#8243; position_origin_a=&#8220;top_right&#8220; position_origin_a_tablet=&#8220;&#8220; position_origin_a_phone=&#8220;&#8220; position_origin_a_last_edited=&#8220;on|tablet&#8220; position_origin_f_tablet=&#8220;&#8220; position_origin_f_phone=&#8220;&#8220; position_origin_f_last_edited=&#8220;on|tablet&#8220; position_origin_r_tablet=&#8220;&#8220; position_origin_r_phone=&#8220;&#8220; position_origin_r_last_edited=&#8220;on|tablet&#8220; width=&#8220;56%&#8220; max_width_tablet=&#8220;300px&#8220; max_width_phone=&#8220;250px&#8220; max_width_last_edited=&#8220;off|desktop&#8220; custom_margin=&#8220;||||false|false&#8220; custom_margin_tablet=&#8220;-30vw||||false|false&#8220; custom_margin_phone=&#8220;-50vw||||false|false&#8220; custom_margin_last_edited=&#8220;off|tablet&#8220; scroll_vertical_motion=&#8220;0|50|50|100|1|1.5|2.5&#8243; scroll_rotating_enable=&#8220;on&#8220; scroll_rotating=&#8220;0|50|50|100|45\u00b0|0|-45\u00b0&#8220; positioning_tablet=&#8220;relative&#8220; positioning_phone=&#8220;&#8220; positioning_last_edited=&#8220;on|tablet&#8220; scroll_vertical_motion_tablet=&#8220;0|50|50|100|0|0|0&#8243; scroll_vertical_motion_phone=&#8220;&#8220; scroll_vertical_motion_last_edited=&#8220;on|tablet&#8220; locked=&#8220;off&#8220; global_colors_info=&#8220;{}&#8220;][\/et_pb_image][\/et_pb_column][et_pb_column type=&#8220;1_2&#8243; _builder_version=&#8220;4.16&#8243; _module_preset=&#8220;default&#8220; global_colors_info=&#8220;{}&#8220;][et_pb_text _builder_version=&#8220;4.27.3&#8243; text_font=&#8220;||||||||&#8220; text_line_height=&#8220;2em&#8220; header_3_text_color=&#8220;#666666&#8243; header_3_line_height=&#8220;2em&#8220; header_4_text_color=&#8220;#666666&#8243; header_4_font_size=&#8220;16px&#8220; header_4_line_height=&#8220;2.4em&#8220; text_orientation=&#8220;justified&#8220; text_font_size_tablet=&#8220;15px&#8220; text_font_size_phone=&#8220;14px&#8220; text_font_size_last_edited=&#8220;on|phone&#8220; global_colors_info=&#8220;{}&#8220;]<\/p>\n<h3>Die T\u00e4nze des universellen Friedens entwickelten sich in den sechziger Jahren aus einer in Amerika entstandenen Bewegungsschulung, initiiert durch Samuel L. Lewis (1896- 1971) in San Francisco und werden mittlerweile weltweit getanzt.<\/h3>\n<p>Ihre geistigen Wurzeln sind der Sufismus, inspiriert durch Samuel L. Lewis Lehrer, dem Sufimeister Hazrat Innayat Khan.<\/p>\n<p>Ihre t\u00e4nzerischen Wurzeln sind der moderne Ausdruckstanz, inspiriert durch seine Tanz\u00admentorin und Freundin Ruth St. Denis.<\/p>\n<p>Eine sich st\u00e4ndig erweiternde Sammlung von mittlerweile 400 T\u00e4nzen und Gehmeditatio\u00adnen mit Gesang, teils original \u00fcberliefert bzw. inspiriert von den gro\u00dfen religi\u00f6sen- und Kulturtraditionen dieser Erde, welche zum inneren Frieden und zum Weltfrieden beitragen k\u00f6nnen.<\/p>\n<p>Ich lade Sie\/ euch herzlich zu diesem wunder\u00adbaren, gemeinsamen Erlebnis im Kreis, auch online, ein!<\/p>\n<p>Aktuelle Zeiten stehen unter <span style=\"text-decoration: underline;\"><a href=\"https:\/\/www.soumaya-hiltmann.com\/aktuelles\/\">Aktuelles!<\/a><\/span><\/p>\n<p>[\/et_pb_text][\/et_pb_column][\/et_pb_row][\/et_pb_section]<\/p>\n","protected":false},"excerpt":{"rendered":"<p>Die &#8222;T\u00e4nze des Universellen Friedens&#8220; sind Teil einer zeitlosen Tradition des heiligen Tanzes und werden \u00fcberwiegend gemeinsam im Kreis getanzt und in Form von Gehmeditationen vertieft. Sie verschmelzen Singen, Livemusik und harmonische Bewegungen zu einer lebendigen Erfahrung von Einheit, Verbundenheit, Frieden und Integration. Die Energie fliesst \u00fcber die Musik und die Bewegung von Herz zu [&hellip;]<\/p>\n","protected":false},"author":2,"featured_media":0,"parent":0,"menu_order":0,"comment_status":"closed","ping_status":"closed","template":"","meta":{"_et_pb_use_builder":"on","_et_pb_old_content":"","_et_gb_content_width":"","_glsr_average":0,"_glsr_ranking":0,"_glsr_reviews":0,"footnotes":""},"class_list":["post-673","page","type-page","status-publish","hentry"],"_links":{"self":[{"href":"https:\/\/www.soumaya-hiltmann.com\/en\/wp-json\/wp\/v2\/pages\/673","targetHints":{"allow":["GET"]}}],"collection":[{"href":"https:\/\/www.soumaya-hiltmann.com\/en\/wp-json\/wp\/v2\/pages"}],"about":[{"href":"https:\/\/www.soumaya-hiltmann.com\/en\/wp-json\/wp\/v2\/types\/page"}],"author":[{"embeddable":true,"href":"https:\/\/www.soumaya-hiltmann.com\/en\/wp-json\/wp\/v2\/users\/2"}],"replies":[{"embeddable":true,"href":"https:\/\/www.soumaya-hiltmann.com\/en\/wp-json\/wp\/v2\/comments?post=673"}],"version-history":[{"count":3,"href":"https:\/\/www.soumaya-hiltmann.com\/en\/wp-json\/wp\/v2\/pages\/673\/revisions"}],"predecessor-version":[{"id":4312,"href":"https:\/\/www.soumaya-hiltmann.com\/en\/wp-json\/wp\/v2\/pages\/673\/revisions\/4312"}],"wp:attachment":[{"href":"https:\/\/www.soumaya-hiltmann.com\/en\/wp-json\/wp\/v2\/media?parent=673"}],"curies":[{"name":"wp","href":"https:\/\/api.w.org\/{rel}","templated":true}]}}