{"id":290,"date":"2020-11-04T18:59:14","date_gmt":"2020-11-04T17:59:14","guid":{"rendered":"https:\/\/www.soumaya-hiltmann.com\/?page_id=290"},"modified":"2025-12-03T15:54:41","modified_gmt":"2025-12-03T14:54:41","slug":"musikprojekte","status":"publish","type":"page","link":"https:\/\/www.soumaya-hiltmann.com\/en\/musikprojekte\/","title":{"rendered":"Music projects"},"content":{"rendered":"<p>[et_pb_section fb_built=&#8220;1&#8243; custom_padding_last_edited=&#8220;off|tablet&#8220; admin_label=&#8220;Header&#8220; _builder_version=&#8220;4.16&#8243; background_enable_color=&#8220;off&#8220; background_image=&#8220;https:\/\/www.soumaya-hiltmann.com\/wp-content\/uploads\/2020\/12\/Stilleben_-Gitarre-unten-links-Kissen-oben-scaled.jpg&#8220; positioning=&#8220;none&#8220; custom_margin=&#8220;||||false|false&#8220; custom_padding=&#8220;100px||100px||false|false&#8220; custom_padding_tablet=&#8220;120px||0px||false|false&#8220; box_shadow_style=&#8220;preset4&#8243; box_shadow_horizontal=&#8220;0px&#8220; box_shadow_vertical=&#8220;-300px&#8220; box_shadow_color=&#8220;#f4f1ec&#8220; box_shadow_vertical_tablet=&#8220;0px&#8220; box_shadow_vertical_phone=&#8220;&#8220; box_shadow_vertical_last_edited=&#8220;on|tablet&#8220; global_colors_info=&#8220;{}&#8220;][et_pb_row _builder_version=&#8220;4.16&#8243; global_colors_info=&#8220;{}&#8220;][et_pb_column type=&#8220;4_4&#8243; _builder_version=&#8220;4.16&#8243; global_colors_info=&#8220;{}&#8220;][et_pb_text _builder_version=&#8220;4.27.3&#8243; text_font=&#8220;Caveat lokal||||||||&#8220; text_font_size=&#8220;120px&#8220; text_line_height=&#8220;1em&#8220; positioning=&#8220;absolute&#8220; position_origin_a=&#8220;center_center&#8220; z_index=&#8220;1&#8243; text_orientation=&#8220;center&#8220; background_layout=&#8220;dark&#8220; width=&#8220;80%&#8220; max_width=&#8220;800px&#8220; custom_margin=&#8220;||||false|false&#8220; text_font_size_tablet=&#8220;&#8220; text_font_size_phone=&#8220;20vw&#8220; text_font_size_last_edited=&#8220;on|phone&#8220; locked=&#8220;off&#8220; global_colors_info=&#8220;{}&#8220;]<\/p>\n<p>Musikprojekte<\/p>\n<p>[\/et_pb_text][\/et_pb_column][\/et_pb_row][\/et_pb_section][et_pb_section fb_built=&#8220;1&#8243; custom_padding_last_edited=&#8220;off|tablet&#8220; admin_label=&#8220;Body&#8220; _builder_version=&#8220;4.24.2&#8243; background_color=&#8220;#f4f1ec&#8220; background_image=&#8220;https:\/\/www.soumaya-hiltmann.com\/wp-content\/uploads\/2020\/11\/holistic-healer-14.png&#8220; background_size=&#8220;contain&#8220; custom_margin=&#8220;||||false|false&#8220; custom_padding_tablet=&#8220;120px||0px||false|false&#8220; box_shadow_vertical_tablet=&#8220;0px&#8220; box_shadow_vertical_phone=&#8220;&#8220; box_shadow_vertical_last_edited=&#8220;on|tablet&#8220; global_colors_info=&#8220;{}&#8220;][et_pb_row column_structure=&#8220;3_4,1_4&#8243; _builder_version=&#8220;4.16&#8243; _module_preset=&#8220;default&#8220; global_colors_info=&#8220;{}&#8220;][et_pb_column type=&#8220;3_4&#8243; _builder_version=&#8220;4.16&#8243; _module_preset=&#8220;default&#8220; global_colors_info=&#8220;{}&#8220;][et_pb_text _builder_version=&#8220;4.27.3&#8243; _module_preset=&#8220;default&#8220; header_3_line_height=&#8220;1.7em&#8220; global_colors_info=&#8220;{}&#8220;]<\/p>\n<h3>Hier finden Sie eine Auswahl meiner aktuellen und geplanten Musikprojekte:<\/h3>\n<ul>\n<li><strong>Soumayas Oriental Funk &amp; Soulwork<\/strong><\/li>\n<\/ul>\n<p>Soumaya spannt einen Bogen zwischen orientalischer und westlicher Musik. Allein oder mit Band pr\u00e4sentiert sie bekannte Soul, Funk- und Sufisongs mit orientalischen Elementen und eigene Lieder in deutscher, englischer und arabischer Sprache.<\/p>\n<ul>\n<li><strong>Revival in 2021 \u201cKonzertreihe Klangteppich\u201d!<\/strong><strong><\/strong><\/li>\n<\/ul>\n<p>Sie wurde 2008 von dem Duo SOUMAYA ins Leben gerufen. In regelm\u00e4\u00dfigen Abst\u00e4nden luden sie zu ihrer akkustischen Musik ein und luden diverse GastmusikerInnen in ihr musikalisches \u201d Wohnzimmer \u201d in dem sich die Menschen des Kiezes, in dem sie auftraten auch mit ihren Ideen, Berufen etc. vorstellen konnten. So entstand ein interkultureller Raum f\u00fcr Musik, Sessions, Begegnung und Netzwerkarbeit in entspannter Atmosph\u00e4re.<\/p>\n<p>&nbsp;<\/p>\n<p><a href=\"\/kontakt\/\">Ich freue mich \u00fcber Ihre Anfrage!<\/a><\/p>\n<p>[\/et_pb_text][\/et_pb_column][et_pb_column type=&#8220;1_4&#8243; _builder_version=&#8220;4.16&#8243; _module_preset=&#8220;default&#8220; global_colors_info=&#8220;{}&#8220;][et_pb_image src=&#8220;https:\/\/www.soumaya-hiltmann.com\/wp-content\/uploads\/2020\/11\/Unterrichtsraum-in-Schoeneberg.jpg&#8220; alt=&#8220;Musikprojekte&#8220; title_text=&#8220;Unterrichtsraum in Sch\u00f6neberg&#8220; _builder_version=&#8220;4.24.2&#8243; _module_preset=&#8220;default&#8220; global_colors_info=&#8220;{}&#8220;][\/et_pb_image][\/et_pb_column][\/et_pb_row][\/et_pb_section]<\/p>\n","protected":false},"excerpt":{"rendered":"<p>MusikprojekteHier finden Sie eine Auswahl meiner aktuellen und geplanten Musikprojekte: Soumayas Oriental Funk &amp; Soulwork Soumaya spannt einen Bogen zwischen orientalischer und westlicher Musik. Allein oder mit Band pr\u00e4sentiert sie bekannte Soul, Funk- und Sufisongs mit orientalischen Elementen und eigene Lieder in deutscher, englischer und arabischer Sprache. Revival in 2021 \u201cKonzertreihe Klangteppich\u201d! Sie wurde 2008 [&hellip;]<\/p>\n","protected":false},"author":1,"featured_media":0,"parent":0,"menu_order":0,"comment_status":"closed","ping_status":"closed","template":"","meta":{"_et_pb_use_builder":"on","_et_pb_old_content":"","_et_gb_content_width":"","_glsr_average":0,"_glsr_ranking":0,"_glsr_reviews":0,"footnotes":""},"class_list":["post-290","page","type-page","status-publish","hentry"],"_links":{"self":[{"href":"https:\/\/www.soumaya-hiltmann.com\/en\/wp-json\/wp\/v2\/pages\/290","targetHints":{"allow":["GET"]}}],"collection":[{"href":"https:\/\/www.soumaya-hiltmann.com\/en\/wp-json\/wp\/v2\/pages"}],"about":[{"href":"https:\/\/www.soumaya-hiltmann.com\/en\/wp-json\/wp\/v2\/types\/page"}],"author":[{"embeddable":true,"href":"https:\/\/www.soumaya-hiltmann.com\/en\/wp-json\/wp\/v2\/users\/1"}],"replies":[{"embeddable":true,"href":"https:\/\/www.soumaya-hiltmann.com\/en\/wp-json\/wp\/v2\/comments?post=290"}],"version-history":[{"count":3,"href":"https:\/\/www.soumaya-hiltmann.com\/en\/wp-json\/wp\/v2\/pages\/290\/revisions"}],"predecessor-version":[{"id":4313,"href":"https:\/\/www.soumaya-hiltmann.com\/en\/wp-json\/wp\/v2\/pages\/290\/revisions\/4313"}],"wp:attachment":[{"href":"https:\/\/www.soumaya-hiltmann.com\/en\/wp-json\/wp\/v2\/media?parent=290"}],"curies":[{"name":"wp","href":"https:\/\/api.w.org\/{rel}","templated":true}]}}