{"id":242,"date":"2020-11-03T22:41:28","date_gmt":"2020-11-03T21:41:28","guid":{"rendered":"https:\/\/www.soumaya-hiltmann.com\/?page_id=242"},"modified":"2026-03-13T12:05:51","modified_gmt":"2026-03-13T11:05:51","slug":"vita","status":"publish","type":"page","link":"https:\/\/www.soumaya-hiltmann.com\/en\/vita\/","title":{"rendered":"Vita"},"content":{"rendered":"<p>[et_pb_section fb_built=&#8220;1&#8243; admin_label=&#8220;Header 1 Foto&#8220; _builder_version=&#8220;4.27.6&#8243; _module_preset=&#8220;default&#8220; background_image=&#8220;https:\/\/www.soumaya-hiltmann.com\/wp-content\/uploads\/2026\/03\/soumaya-scaled.webp&#8220; background_size=&#8220;contain&#8220; width_tablet=&#8220;&#8220; width_phone=&#8220;&#8220; width_last_edited=&#8220;on|phone&#8220; module_alignment=&#8220;center&#8220; min_height=&#8220;373px&#8220; min_height_tablet=&#8220;&#8220; min_height_phone=&#8220;&#8220; min_height_last_edited=&#8220;on|phone&#8220; custom_margin=&#8220;20px||||false|false&#8220; custom_margin_tablet=&#8220;&#8220; custom_margin_phone=&#8220;10px||10px||false|false&#8220; custom_margin_last_edited=&#8220;on|desktop&#8220; hover_enabled=&#8220;0&#8243; global_colors_info=&#8220;{}&#8220; alt=&#8220;Soumaya&#8220; title_text=&#8220;soumaya&#8220; sticky_enabled=&#8220;0&#8243;][\/et_pb_section][et_pb_section fb_built=&#8220;1&#8243; custom_padding_last_edited=&#8220;on|phone&#8220; admin_label=&#8220;Header&#8220; _builder_version=&#8220;4.16&#8243; custom_margin=&#8220;||||false|false&#8220; custom_padding=&#8220;50px||180px||false|false&#8220; custom_padding_tablet=&#8220;50px||50px||true|false&#8220; custom_padding_phone=&#8220;0px||0px||true|false&#8220; locked=&#8220;off&#8220; global_colors_info=&#8220;{}&#8220;][et_pb_row column_structure=&#8220;3_5,2_5&#8243; _builder_version=&#8220;4.27.2&#8243; z_index=&#8220;10&#8243; custom_padding=&#8220;0px||0px|||&#8220; global_colors_info=&#8220;{}&#8220;][et_pb_column type=&#8220;3_5&#8243; _builder_version=&#8220;4.16&#8243; background_color=&#8220;rgba(0,0,0,0)&#8220; z_index=&#8220;11&#8243; custom_padding=&#8220;0px|60px|0px||true|false&#8220; custom_padding_tablet=&#8220;0px|0px|60px||false|false&#8220; custom_padding_phone=&#8220;&#8220; custom_padding_last_edited=&#8220;on|tablet&#8220; global_colors_info=&#8220;{}&#8220;][et_pb_text _builder_version=&#8220;4.27.5&#8243; text_font=&#8220;||||||||&#8220; text_line_height=&#8220;2em&#8220; header_font=&#8220;Bellefair lokal||||||||&#8220; header_text_color=&#8220;#000000&#8243; header_font_size=&#8220;80px&#8220; header_line_height=&#8220;1.2em&#8220; header_2_font=&#8220;Caveat lokal||||||||&#8220; header_2_font_size=&#8220;32px&#8220; header_3_font=&#8220;Caveat lokal||||||||&#8220; background_color=&#8220;rgba(0,0,0,0)&#8220; text_orientation=&#8220;justified&#8220; custom_margin=&#8220;||||false|false&#8220; text_font_size_tablet=&#8220;15px&#8220; text_font_size_phone=&#8220;14px&#8220; text_font_size_last_edited=&#8220;on|phone&#8220; header_font_size_tablet=&#8220;64px&#8220; header_font_size_phone=&#8220;40px&#8220; header_font_size_last_edited=&#8220;on|phone&#8220; global_colors_info=&#8220;{}&#8220;]<\/p>\n<h2>Soumaya Hiltmann,<\/h2>\n<p>Mezzosopran, verheiratet, zwei Kinder, wuchs in Deutschland auf.<br \/>Sie studierte seit ihrem 17. Lebensjahr am Konservatorium und privat klassischen Gesang, Jazz, Pop, Soul, Pantomime, Theater, indischen und orientalischen Gesang und bildete sich intensiv weiter, u.a. bei Rafael A. Ortiz, Carol St. Clair, Farhan Sabbagh, Jan Radvic und Romeo Alavi Kia.<\/p>\n<p>Seit den 90er Jahren ist Soumaya in Berlin und unterrichtet seitdem mit gro\u00dfer Freude und Hingabe.<\/p>\n<p>Auf der Grundlage ganzheitlicher, klassischer Stimmbildung, hat sie in Jahrzehnten ihres vielschichtigen und vielseitigen Ausbildungs\u00adweges, bei unz\u00e4hligen Proben, in Tonstudios und auf internationalen B\u00fchnen, u.a. mit dem Gitarristen Thomas Janowskij und in drei\u00dfig Jahren Lehrt\u00e4tigkeit ihren eigenen Weg ent\u00adwickelt, S\u00e4ngerinnen, S\u00e4nger, Schauspielerin\u00adnen, Schauspieler, Anf\u00e4ngerinnen, Anf\u00e4nger, Fort\u00adgeschrittene oder Profis bei ihren individuellen Zielen fundiert zu begleiten.<\/p>\n<p>Sie\u00a0 leitete 10 Jahre eine private Musikschule, leitet Gesangs- und Musikgruppen, singt solo, im Duo und in Bands, schreibt und ver\u00f6ffent\u00adlicht Songs online und auf CDs. Soumaya er\u00adlernte die Grundlagen des Oudspielens (arabische Laute), arabische Tonarten und orient. Perkussion und ist Mitglied der Gruppe W\u00fcs\u00adtenwind unter Leitung von Farhan Sabbagh.\u00a0Durch ihre Zusammenarbeit mit Chiha, einer tunesischen S\u00e4ngerin, erweiterte sie ihr Repertoire um traditionelle orientalische Folkmusikst\u00fccke und Berber\u00admusik. Seit vielen Jahren besch\u00e4ftigt sie sich u.a. intensiv mit Sufimusik, Meditation, mystischer Musik und Ges\u00e4ngen der \u00f6stlichen und der westlichen Welt.\u00a0Mehrere Reisen nach Indien, \u00c4gypten, Zypern, Syrien und innerhalb Europas pr\u00e4gten u.a. ihren musikalisch, spirituellen Weg.<\/p>\n<p>Seit Anfang 2010 folgt sie zus\u00e4tzlich dem Pranaweg nach Master Choa Kok Sui, einer energetische Methode zur Aktivierung und St\u00e4rkung des Immunsystems, und wendet diese und weitere Techniken an.<\/p>\n<p>Seit vielen Jahren ist sie zertifizierte Tanzleiterin der <a href=\"\/taenze-des-universellen-friedens\/\">Kreist\u00e4nze des universel\u00adlen Friedens<\/a> und leitet die T\u00e4nze\u00a0 in ihren Gruppen an.<\/p>\n<p>[\/et_pb_text][et_pb_social_media_follow icon_color=&#8220;#FFFFFF&#8220; _builder_version=&#8220;4.16&#8243; background_color=&#8220;RGBA(0,0,0,0)&#8220; global_colors_info=&#8220;{}&#8220;][et_pb_social_media_follow_network social_network=&#8220;facebook&#8220; url=&#8220;https:\/\/www.facebook.com\/sumeja.hiltmann.3&#8243; icon_color=&#8220;#FFFFFF&#8220; _builder_version=&#8220;4.16&#8243; background_color=&#8220;#3b5998&#8243; background_enable_color=&#8220;on&#8220; motion_trigger_start=&#8220;middle&#8220; global_colors_info=&#8220;{}&#8220; follow_button=&#8220;off&#8220; url_new_window=&#8220;on&#8220;]facebook[\/et_pb_social_media_follow_network][\/et_pb_social_media_follow][\/et_pb_column][et_pb_column type=&#8220;2_5&#8243; _builder_version=&#8220;4.16&#8243; z_index=&#8220;10&#8243; global_colors_info=&#8220;{}&#8220;][et_pb_image src=&#8220;https:\/\/www.soumaya-hiltmann.com\/wp-content\/uploads\/2020\/12\/edelweiss.jpg&#8220; alt=&#8220;Edelweiss&#8220; title_text=&#8220;Edelweiss&#8220; show_bottom_space=&#8220;off&#8220; _builder_version=&#8220;4.16&#8243; _module_preset=&#8220;default&#8220; transform_scale=&#8220;118%|118%&#8220; z_index=&#8220;3&#8243; width_tablet=&#8220;&#8220; width_phone=&#8220;90%&#8220; width_last_edited=&#8220;on|phone&#8220; module_alignment=&#8220;center&#8220; custom_margin=&#8220;77px|||-59px|false|false&#8220; custom_margin_tablet=&#8220;&#8220; custom_margin_phone=&#8220;0px|||0px|false|false&#8220; custom_margin_last_edited=&#8220;on|phone&#8220; custom_padding=&#8220;0px|||0px|false|false&#8220; scroll_fade=&#8220;0|55|81|100|0|100|100&#8243; scroll_blur=&#8220;0|44|44|100|0px|0px|134px&#8220; border_radii=&#8220;on|10px|10px|10px|10px&#8220; global_colors_info=&#8220;{}&#8220;][\/et_pb_image][et_pb_image src=&#8220;https:\/\/www.soumaya-hiltmann.com\/wp-content\/uploads\/2020\/12\/Soumaya-mit-Trommel-scaled.jpg&#8220; alt=&#8220;Vita&#8220; title_text=&#8220;Soumaya mit Trommel&#8220; show_bottom_space=&#8220;off&#8220; _builder_version=&#8220;4.24.2&#8243; z_index=&#8220;1&#8243; width_tablet=&#8220;&#8220; width_phone=&#8220;90%&#8220; width_last_edited=&#8220;on|phone&#8220; custom_margin=&#8220;175px||0px|-15%|false|false&#8220; custom_margin_tablet=&#8220;|||0%|false|false&#8220; custom_margin_phone=&#8220;&#8220; custom_margin_last_edited=&#8220;on|desktop&#8220; custom_padding=&#8220;0px|||0px|false|false&#8220; scroll_vertical_motion_enable=&#8220;on&#8220; scroll_vertical_motion=&#8220;0|50|50|100|0|-0.5|-1&#8243; module_alignment_tablet=&#8220;&#8220; module_alignment_phone=&#8220;center&#8220; module_alignment_last_edited=&#8220;on|phone&#8220; border_radii=&#8220;on|20px|20px|20px|20px&#8220; global_colors_info=&#8220;{}&#8220;][\/et_pb_image][\/et_pb_column][\/et_pb_row][\/et_pb_section]<\/p>\n","protected":false},"excerpt":{"rendered":"<p>Soumaya Hiltmann, Mezzosopran, verheiratet, zwei Kinder, wuchs in Deutschland auf.Sie studierte seit ihrem 17. Lebensjahr am Konservatorium und privat klassischen Gesang, Jazz, Pop, Soul, Pantomime, Theater, indischen und orientalischen Gesang und bildete sich intensiv weiter, u.a. bei Rafael A. Ortiz, Carol St. Clair, Farhan Sabbagh, Jan Radvic und Romeo Alavi Kia. Seit den 90er Jahren [&hellip;]<\/p>\n","protected":false},"author":1,"featured_media":0,"parent":0,"menu_order":0,"comment_status":"closed","ping_status":"closed","template":"","meta":{"_et_pb_use_builder":"on","_et_pb_old_content":"","_et_gb_content_width":"","_glsr_average":0,"_glsr_ranking":0,"_glsr_reviews":0,"footnotes":""},"class_list":["post-242","page","type-page","status-publish","hentry"],"_links":{"self":[{"href":"https:\/\/www.soumaya-hiltmann.com\/en\/wp-json\/wp\/v2\/pages\/242","targetHints":{"allow":["GET"]}}],"collection":[{"href":"https:\/\/www.soumaya-hiltmann.com\/en\/wp-json\/wp\/v2\/pages"}],"about":[{"href":"https:\/\/www.soumaya-hiltmann.com\/en\/wp-json\/wp\/v2\/types\/page"}],"author":[{"embeddable":true,"href":"https:\/\/www.soumaya-hiltmann.com\/en\/wp-json\/wp\/v2\/users\/1"}],"replies":[{"embeddable":true,"href":"https:\/\/www.soumaya-hiltmann.com\/en\/wp-json\/wp\/v2\/comments?post=242"}],"version-history":[{"count":5,"href":"https:\/\/www.soumaya-hiltmann.com\/en\/wp-json\/wp\/v2\/pages\/242\/revisions"}],"predecessor-version":[{"id":4444,"href":"https:\/\/www.soumaya-hiltmann.com\/en\/wp-json\/wp\/v2\/pages\/242\/revisions\/4444"}],"wp:attachment":[{"href":"https:\/\/www.soumaya-hiltmann.com\/en\/wp-json\/wp\/v2\/media?parent=242"}],"curies":[{"name":"wp","href":"https:\/\/api.w.org\/{rel}","templated":true}]}}